{"id":233,"date":"2021-10-19T15:43:09","date_gmt":"2021-10-19T13:43:09","guid":{"rendered":"https:\/\/www.landschlaechterei-angele.de\/wp\/?page_id=233"},"modified":"2023-02-21T15:50:50","modified_gmt":"2023-02-21T14:50:50","slug":"impressum","status":"publish","type":"page","link":"https:\/\/www.landschlaechterei-angele.de\/wp\/impressum\/","title":{"rendered":"Impressum"},"content":{"rendered":"<p>[et_pb_section fb_built=&#8220;1&#8243; _builder_version=&#8220;4.16&#8243; _module_preset=&#8220;default&#8220; custom_padding=&#8220;0px||||false|false&#8220; global_colors_info=&#8220;{}&#8220;][et_pb_row _builder_version=&#8220;4.16&#8243; _module_preset=&#8220;default&#8220; global_colors_info=&#8220;{}&#8220;][et_pb_column type=&#8220;4_4&#8243; _builder_version=&#8220;4.16&#8243; _module_preset=&#8220;default&#8220; global_colors_info=&#8220;{}&#8220;][et_pb_text _builder_version=&#8220;4.16&#8243; _module_preset=&#8220;default&#8220; global_colors_info=&#8220;{}&#8220;]<\/p>\n<h1>Impressum<\/h1>\n<p>[\/et_pb_text][\/et_pb_column][\/et_pb_row][et_pb_row _builder_version=&#8220;4.16&#8243; _module_preset=&#8220;default&#8220; global_colors_info=&#8220;{}&#8220;][et_pb_column type=&#8220;4_4&#8243; _builder_version=&#8220;4.16&#8243; _module_preset=&#8220;default&#8220; global_colors_info=&#8220;{}&#8220;][et_pb_text _builder_version=&#8220;4.19.5&#8243; _module_preset=&#8220;default&#8220; hover_enabled=&#8220;0&#8243; global_colors_info=&#8220;{}&#8220; sticky_enabled=&#8220;0&#8243;]<\/p>\n<p>Angaben gem\u00e4\u00df \u00a7 5 TMG:<\/p>\n<p>Landschl\u00e4chterei Rudolf Angele<br \/>Rudolf Angele<br \/>Steige 1<br \/>88487 Mietingen-Walpertshofen<\/p>\n<p><strong>Kontakt:<\/strong><br \/>Tel. 07 353 \/ 98 04-0<br \/>Fax 07 353 \/ 98 04-24<br \/>E-Mail: <a href=\"mailto:info@metzgerei-angele.de\">info@metzgerei-angele.de<\/a><\/p>\n<p><strong>Registereintrag:<\/strong><br \/>Registergericht: Biberach a. d. Riss<br \/>Registernummer: HRA 640638<br \/>Handwerkskammer Ulm<br \/>Steuernummer: 54478\/01170<\/p>\n<p><strong>Konzept, Gestaltung &amp; Umsetzung:<br \/><\/strong><a href=\"http:\/\/www.c-design-web.de\" target=\"_blank\" rel=\"noopener\">c:design &#8211; grafik werbung internet<\/a><\/p>\n<p><strong>Bildnachweise:<\/strong><br \/>\u00a9 pixabay; c:design; privat<\/p>\n<p>&nbsp;<\/p>\n<h3><strong><span style=\"color: #cc0033;\">Haftungsausschluss<\/span><\/strong><\/h3>\n<p><strong>Haftung f\u00fcr Inhalte<\/strong><br \/>Die Inhalte unserer Seiten wurden mit gr\u00f6\u00dfter Sorgfalt erstellt. F\u00fcr die Richtigkeit, Vollst\u00e4ndigkeit und Aktualit\u00e4t der Inhalte k\u00f6nnen wir jedoch keine Gew\u00e4hr \u00fcbernehmen. Als Diensteanbieter sind wir gem\u00e4\u00df \u00a7 7 Abs.1 TMG f\u00fcr eigene Inhalte auf diesen Seiten nach den allgemeinen Gesetzen verantwortlich. Nach \u00a7\u00a7 8 bis 10 TMG sind wir als Diensteanbieter jedoch nicht verpflichtet, \u00fcbermittelte oder gespeicherte fremde Informationen zu \u00fcberwachen oder nach Umst\u00e4nden zu forschen, die auf eine rechtswidrige T\u00e4tigkeit hinweisen. Verpflichtungen zur Entfernung oder Sperrung der Nutzung von Informationen nach den allgemeinen Gesetzen bleiben hiervon unber\u00fchrt. Eine diesbez\u00fcgliche Haftung ist jedoch erst ab dem Zeitpunkt der Kenntnis einer konkreten Rechtsverletzung m\u00f6glich. Bei Bekanntwerden von entsprechenden Rechtsverletzungen werden wir diese Inhalte umgehend entfernen.<\/p>\n<p><strong>Haftung f\u00fcr Links<\/strong><br \/>Unser Angebot enth\u00e4lt Links zu externen Webseiten Dritter, auf deren Inhalte wir keinen Einfluss haben. Deshalb k\u00f6nnen wir f\u00fcr diese fremden Inhalte auch keine Gew\u00e4hr \u00fcbernehmen. F\u00fcr die Inhalte der verlinkten Seiten ist stets der jeweilige Anbieter oder Betreiber der Seiten verantwortlich. Die verlinkten Seiten wurden zum Zeitpunkt der Verlinkung auf m\u00f6gliche Rechtsverst\u00f6\u00dfe \u00fcberpr\u00fcft. Rechtswidrige Inhalte waren zum Zeitpunkt der Verlinkung nicht erkennbar. Eine permanente inhaltliche Kontrolle der verlinkten Seiten ist jedoch ohne konkrete Anhaltspunkte einer Rechtsverletzung nicht zumutbar. Bei Bekanntwerden von Rechtsverletzungen werden wir derartige Links umgehend entfernen.<\/p>\n<p><strong>Urheberrecht<\/strong><br \/>Die durch die Seitenbetreiber erstellten Inhalte und Werke auf diesen Seiten unterliegen dem deutschen Urheberrecht. Die Vervielf\u00e4ltigung, Bearbeitung, Verbreitung und jede Art der Verwertung au\u00dferhalb der Grenzen des Urheberrechtes bed\u00fcrfen der schriftlichen Zustimmung des jeweiligen Autors bzw. Erstellers. Downloads und Kopien dieser Seite sind nur f\u00fcr den privaten, nicht kommerziellen Gebrauch gestattet. Soweit die Inhalte auf dieser Seite nicht vom Betreiber erstellt wurden, werden die Urheberrechte Dritter beachtet. Insbesondere werden Inhalte Dritter als solche gekennzeichnet. Sollten Sie trotzdem auf eine Urheberrechtsverletzung aufmerksam werden, bitten wir um einen entsprechenden Hinweis. Bei Bekanntwerden von Rechtsverletzungen werden wir derartige Inhalte umgehend entfernen.<\/p>\n<p>&nbsp;<\/p>\n<p>Quellenangaben: <a href=\"http:\/\/www.e-recht24.de\" target=\"_blank\" rel=\"noopener\">eRecht24 Disclaimer<\/a><\/p>\n<p>[\/et_pb_text][\/et_pb_column][\/et_pb_row][\/et_pb_section][et_pb_section fb_built=&#8220;1&#8243; _builder_version=&#8220;4.19.5&#8243; _module_preset=&#8220;default&#8220; background_color=&#8220;#ff3333&#8243; global_module=&#8220;100&#8243; saved_tabs=&#8220;all&#8220; global_colors_info=&#8220;{}&#8220;][et_pb_row column_structure=&#8220;1_3,1_3,1_3&#8243; module_class=&#8220;fuss&#8220; _builder_version=&#8220;4.16&#8243; _module_preset=&#8220;default&#8220; global_colors_info=&#8220;{}&#8220;][et_pb_column type=&#8220;1_3&#8243; _builder_version=&#8220;4.16&#8243; _module_preset=&#8220;default&#8220; global_colors_info=&#8220;{}&#8220;][et_pb_text _builder_version=&#8220;4.16&#8243; _module_preset=&#8220;default&#8220; global_colors_info=&#8220;{}&#8220;]<\/p>\n<h3>KONTAKT<\/h3>\n<p>Landschl\u00e4chterei Angele<br \/>Steige 1<br \/>88487 Walpertshofen<\/p>\n<p>Tel. 07 353 98 04-0<br \/>Fax 07 353 98 04-24<br \/>Email: <a href=\"mailto:info@metzgerei-angele.de\">info@metzgerei-angele.de<\/a><\/p>\n<p>[\/et_pb_text][\/et_pb_column][et_pb_column type=&#8220;1_3&#8243; _builder_version=&#8220;4.16&#8243; _module_preset=&#8220;default&#8220; global_colors_info=&#8220;{}&#8220;][et_pb_text _builder_version=&#8220;4.16&#8243; _module_preset=&#8220;default&#8220; global_colors_info=&#8220;{}&#8220;]<\/p>\n<h3>\u00d6FFNUNGSZEITEN<\/h3>\n<p>Montag\u2013Freitag<br \/>8.00\u201312.30 Uhr und<br \/>14.00\u201318.00 Uhr<br \/>Mittwoch<br \/>nachmittags geschlossen<br \/>Samstag<br \/>7.00\u201312.00 Uhr<\/p>\n<p>[\/et_pb_text][\/et_pb_column][et_pb_column type=&#8220;1_3&#8243; _builder_version=&#8220;4.16&#8243; _module_preset=&#8220;default&#8220; global_colors_info=&#8220;{}&#8220;][et_pb_text _builder_version=&#8220;4.16&#8243; _module_preset=&#8220;default&#8220; global_colors_info=&#8220;{}&#8220;]<\/p>\n<h3>RECHTLICHES<\/h3>\n<p><a href=\"impressum\">Impressum<\/a><br \/><a href=\"datenschutz\">Datenschutz<\/a><\/p>\n<p>\u00a9 2023 Landschl\u00e4chterei Angele<br \/>Design und Umsetzung by <a href=\"https:\/\/www.c-design-web.de\" target=\"_blank\" rel=\"noopener\">c:design<\/a><\/p>\n<p>[\/et_pb_text][\/et_pb_column][\/et_pb_row][\/et_pb_section]<\/p>\n","protected":false},"excerpt":{"rendered":"<p>ImpressumAngaben gem\u00e4\u00df \u00a7 5 TMG: Landschl\u00e4chterei Rudolf AngeleRudolf AngeleSteige 188487 Mietingen-Walpertshofen Kontakt:Tel. 07 353 \/ 98 04-0Fax 07 353 \/ 98 04-24E-Mail: info@metzgerei-angele.de Registereintrag:Registergericht: Biberach a. d. RissRegisternummer: HRA 640638Handwerkskammer UlmSteuernummer: 54478\/01170 Konzept, Gestaltung &amp; Umsetzung:c:design &#8211; grafik werbung internet Bildnachweise:\u00a9 pixabay; c:design; privat &nbsp; Haftungsausschluss Haftung f\u00fcr InhalteDie Inhalte unserer Seiten wurden mit gr\u00f6\u00dfter [&hellip;]<\/p>\n","protected":false},"author":1,"featured_media":0,"parent":0,"menu_order":0,"comment_status":"closed","ping_status":"closed","template":"","meta":{"_et_pb_use_builder":"on","_et_pb_old_content":"","_et_gb_content_width":"","footnotes":""},"class_list":["post-233","page","type-page","status-publish","hentry"],"_links":{"self":[{"href":"https:\/\/www.landschlaechterei-angele.de\/wp\/wp-json\/wp\/v2\/pages\/233","targetHints":{"allow":["GET"]}}],"collection":[{"href":"https:\/\/www.landschlaechterei-angele.de\/wp\/wp-json\/wp\/v2\/pages"}],"about":[{"href":"https:\/\/www.landschlaechterei-angele.de\/wp\/wp-json\/wp\/v2\/types\/page"}],"author":[{"embeddable":true,"href":"https:\/\/www.landschlaechterei-angele.de\/wp\/wp-json\/wp\/v2\/users\/1"}],"replies":[{"embeddable":true,"href":"https:\/\/www.landschlaechterei-angele.de\/wp\/wp-json\/wp\/v2\/comments?post=233"}],"version-history":[{"count":10,"href":"https:\/\/www.landschlaechterei-angele.de\/wp\/wp-json\/wp\/v2\/pages\/233\/revisions"}],"predecessor-version":[{"id":482,"href":"https:\/\/www.landschlaechterei-angele.de\/wp\/wp-json\/wp\/v2\/pages\/233\/revisions\/482"}],"wp:attachment":[{"href":"https:\/\/www.landschlaechterei-angele.de\/wp\/wp-json\/wp\/v2\/media?parent=233"}],"curies":[{"name":"wp","href":"https:\/\/api.w.org\/{rel}","templated":true}]}}