{"id":7,"date":"2021-01-28T17:28:55","date_gmt":"2021-01-28T16:28:55","guid":{"rendered":"https:\/\/www.landschlaechterei-angele.de\/wp\/?page_id=7"},"modified":"2026-03-12T07:39:25","modified_gmt":"2026-03-12T06:39:25","slug":"home","status":"publish","type":"page","link":"https:\/\/www.landschlaechterei-angele.de\/wp\/","title":{"rendered":"Home"},"content":{"rendered":"<p>[et_pb_section fb_built=&#8220;1&#8243; fullwidth=&#8220;on&#8220; custom_padding_last_edited=&#8220;on|desktop&#8220; _builder_version=&#8220;4.19.5&#8243; _module_preset=&#8220;default&#8220; height=&#8220;560px&#8220; height_tablet=&#8220;560px&#8220; height_phone=&#8220;560px&#8220; height_last_edited=&#8220;on|phone&#8220; max_height=&#8220;800px&#8220; max_height_tablet=&#8220;550px&#8220; max_height_phone=&#8220;300px&#8220; max_height_last_edited=&#8220;on|desktop&#8220; custom_margin_tablet=&#8220;&#8220; custom_margin_phone=&#8220;&#8220; custom_margin_last_edited=&#8220;on|desktop&#8220; custom_padding_tablet=&#8220;0px||||false|false&#8220; custom_padding_phone=&#8220;0px||||false|false&#8220; top_divider_flip=&#8220;vertical&#8220; bottom_divider_style=&#8220;curve2&#8243; bottom_divider_color=&#8220;#FFFFFF&#8220; bottom_divider_flip=&#8220;vertical&#8220; bottom_divider_height_tablet=&#8220;90px&#8220; bottom_divider_height_phone=&#8220;40px&#8220; bottom_divider_height_last_edited=&#8220;on|phone&#8220; global_colors_info=&#8220;{}&#8220; custom_padding__hover_enabled=&#8220;on|desktop&#8220;][et_pb_fullwidth_slider _builder_version=&#8220;4.19.5&#8243; _module_preset=&#8220;default&#8220; height=&#8220;560px&#8220; height_tablet=&#8220;560px&#8220; height_phone=&#8220;560px&#8220; height_last_edited=&#8220;on|phone&#8220; max_height=&#8220;800px&#8220; max_height_tablet=&#8220;550px&#8220; max_height_phone=&#8220;300px&#8220; max_height_last_edited=&#8220;on|phone&#8220; auto=&#8220;on&#8220; auto_speed=&#8220;4000&#8243; global_colors_info=&#8220;{}&#8220;][et_pb_slide _builder_version=&#8220;4.19.5&#8243; _module_preset=&#8220;default&#8220; background_enable_color=&#8220;off&#8220; background_image=&#8220;https:\/\/www.landschlaechterei-angele.de\/wp\/wp-content\/uploads\/2022\/11\/Theke_neu.jpg&#8220; background_enable_image=&#8220;on&#8220; global_colors_info=&#8220;{}&#8220; sticky_transition=&#8220;on&#8220;][\/et_pb_slide][et_pb_slide _builder_version=&#8220;4.19.5&#8243; _module_preset=&#8220;default&#8220; background_enable_color=&#8220;off&#8220; background_image=&#8220;https:\/\/www.landschlaechterei-angele.de\/wp\/wp-content\/uploads\/2023\/02\/Familie2_Slider.jpg&#8220; background_enable_image=&#8220;on&#8220; global_colors_info=&#8220;{}&#8220; sticky_transition=&#8220;on&#8220;][\/et_pb_slide][et_pb_slide _builder_version=&#8220;4.19.5&#8243; _module_preset=&#8220;default&#8220; background_enable_color=&#8220;off&#8220; background_image=&#8220;https:\/\/www.landschlaechterei-angele.de\/wp\/wp-content\/uploads\/2023\/02\/Geschenkkorb2_560.jpg&#8220; background_enable_image=&#8220;on&#8220; global_colors_info=&#8220;{}&#8220; sticky_transition=&#8220;on&#8220;][\/et_pb_slide][et_pb_slide _builder_version=&#8220;4.19.5&#8243; _module_preset=&#8220;default&#8220; background_enable_color=&#8220;off&#8220; background_image=&#8220;https:\/\/www.landschlaechterei-angele.de\/wp\/wp-content\/uploads\/2022\/11\/Laden_aussen2.jpg&#8220; background_enable_image=&#8220;on&#8220; global_colors_info=&#8220;{}&#8220; sticky_transition=&#8220;on&#8220;][\/et_pb_slide][\/et_pb_fullwidth_slider][\/et_pb_section][et_pb_section fb_built=&#8220;1&#8243; _builder_version=&#8220;4.16&#8243; _module_preset=&#8220;default&#8220; custom_padding=&#8220;0px||26px||false|false&#8220; global_colors_info=&#8220;{}&#8220;][et_pb_row _builder_version=&#8220;4.16&#8243; _module_preset=&#8220;default&#8220; global_colors_info=&#8220;{}&#8220;][et_pb_column type=&#8220;4_4&#8243; _builder_version=&#8220;4.16&#8243; _module_preset=&#8220;default&#8220; global_colors_info=&#8220;{}&#8220;][et_pb_text _builder_version=&#8220;4.16&#8243; _module_preset=&#8220;default&#8220; global_colors_info=&#8220;{}&#8220;]<\/p>\n<h1>Herzlich willkommen bei der Landschl\u00e4chterei Angele<\/h1>\n<p>[\/et_pb_text][\/et_pb_column][\/et_pb_row][et_pb_row column_structure=&#8220;2_3,1_3&#8243; _builder_version=&#8220;4.16&#8243; _module_preset=&#8220;default&#8220; custom_padding=&#8220;||47px|||&#8220; global_colors_info=&#8220;{}&#8220;][et_pb_column type=&#8220;2_3&#8243; _builder_version=&#8220;4.16&#8243; _module_preset=&#8220;default&#8220; global_colors_info=&#8220;{}&#8220;][et_pb_text _builder_version=&#8220;4.24.0&#8243; _module_preset=&#8220;default&#8220; global_colors_info=&#8220;{}&#8220;]<\/p>\n<h2>Landschl\u00e4chterei Rudolf Angele&#8230;<\/h2>\n<h4><\/h4>\n<p><strong>&#8230;Qualit\u00e4t, Frische, Regionalit\u00e4t: Unser t\u00e4gliches Motto, das man schmeckt.<\/strong><\/p>\n<p><strong><\/strong><\/p>\n<p>Qualit\u00e4t, Frische, Regionalit\u00e4t sind bei uns nicht nur Schlagworte, sondern unser t\u00e4gliches Motto.<br \/>Deshalb kommt unser Schlachtvieh auch direkt von <a href=\"https:\/\/www.landschlaechterei-angele.de\/wp\/lieferanten\">Landwirten aus der Region.<\/a><\/p>\n<p>Mit 46 Mitarbeitern und einem Auszubildenden sind wir gut aufgestellt und verbinden bei unserer t\u00e4glichen Arbeit Tradition und Handwerk mit modernster Technik.<\/p>\n<p>\u00dcberzeugen Sie sich selbst und machen Sie sich ein Bild von uns.<em><\/em><\/p>\n<p>[\/et_pb_text][\/et_pb_column][et_pb_column type=&#8220;1_3&#8243; _builder_version=&#8220;4.16&#8243; _module_preset=&#8220;default&#8220; global_colors_info=&#8220;{}&#8220;][et_pb_text _builder_version=&#8220;4.24.0&#8243; _module_preset=&#8220;default&#8220; text_text_color=&#8220;#E02B20&#8243; custom_margin=&#8220;|||1px||&#8220; global_colors_info=&#8220;{}&#8220;]<\/p>\n<h1>Aktuelles<\/h1>\n<p>[\/et_pb_text][et_pb_text _builder_version=&#8220;4.24.0&#8243; _module_preset=&#8220;default&#8220; custom_margin=&#8220;-19px||0px||false|false&#8220; custom_padding=&#8220;||0px|||&#8220; hover_enabled=&#8220;0&#8243; global_module=&#8220;349&#8243; saved_tabs=&#8220;all&#8220; global_colors_info=&#8220;{}&#8220; sticky_enabled=&#8220;0&#8243;][\/et_pb_text][et_pb_text _builder_version=&#8220;4.16&#8243; _module_preset=&#8220;default&#8220; custom_margin=&#8220;||0px||false|false&#8220; global_colors_info=&#8220;{}&#8220;]<\/p>\n<h1>Angebote<\/h1>\n<p>[\/et_pb_text][et_pb_text _builder_version=&#8220;4.16&#8243; _module_preset=&#8220;default&#8220; global_colors_info=&#8220;{}&#8220;]<\/p>\n<p>Entdecken Sie unsere w\u00f6chentlich wechselnden Angebote: Qualit\u00e4t zu top Preisen!<\/p>\n<p>[\/et_pb_text][et_pb_button button_url=&#8220;https:\/\/www.landschlaechterei-angele.de\/wp\/angebote-2\/&#8220; button_text=&#8220;zu den Angeboten&#8220; _builder_version=&#8220;4.24.0&#8243; _module_preset=&#8220;default&#8220; custom_button=&#8220;on&#8220; button_text_color=&#8220;#FFFFFF&#8220; button_bg_color=&#8220;#e30613&#8243; button_icon=&#8220;&#xe033;||divi||400&#8243; button_icon_placement=&#8220;left&#8220; button_on_hover=&#8220;off&#8220; custom_padding=&#8220;|39px||39px|false|true&#8220; global_colors_info=&#8220;{}&#8220;][\/et_pb_button][\/et_pb_column][\/et_pb_row][et_pb_row _builder_version=&#8220;4.19.5&#8243; _module_preset=&#8220;default&#8220; global_colors_info=&#8220;{}&#8220;][et_pb_column type=&#8220;4_4&#8243; _builder_version=&#8220;4.19.5&#8243; _module_preset=&#8220;default&#8220; global_colors_info=&#8220;{}&#8220;][et_pb_divider color=&#8220;#e30613&#8243; _builder_version=&#8220;4.19.5&#8243; _module_preset=&#8220;default&#8220; min_height=&#8220;148.8px&#8220; custom_margin=&#8220;77px|||||&#8220; global_module=&#8220;445&#8243; global_colors_info=&#8220;{}&#8220;][\/et_pb_divider][\/et_pb_column][\/et_pb_row][et_pb_row column_structure=&#8220;1_2,1_2&#8243; _builder_version=&#8220;4.19.1&#8243; _module_preset=&#8220;default&#8220; global_colors_info=&#8220;{}&#8220;][et_pb_column type=&#8220;1_2&#8243; _builder_version=&#8220;4.19.1&#8243; _module_preset=&#8220;default&#8220; global_colors_info=&#8220;{}&#8220;][et_pb_image src=&#8220;https:\/\/www.landschlaechterei-angele.de\/wp\/wp-content\/uploads\/2022\/11\/Familie1.jpg&#8220; title_text=&#8220;SAMSUNG DIGITAL CAMERA&#8220; _builder_version=&#8220;4.19.5&#8243; _module_preset=&#8220;default&#8220; global_colors_info=&#8220;{}&#8220;][\/et_pb_image][\/et_pb_column][et_pb_column type=&#8220;1_2&#8243; _builder_version=&#8220;4.19.1&#8243; _module_preset=&#8220;default&#8220; global_colors_info=&#8220;{}&#8220;][et_pb_image src=&#8220;https:\/\/www.landschlaechterei-angele.de\/wp\/wp-content\/uploads\/2023\/02\/Theke_neu2_900.jpg&#8220; title_text=&#8220;SAMSUNG DIGITAL CAMERA&#8220; _builder_version=&#8220;4.19.5&#8243; _module_preset=&#8220;default&#8220; global_colors_info=&#8220;{}&#8220;][\/et_pb_image][\/et_pb_column][\/et_pb_row][\/et_pb_section][et_pb_section fb_built=&#8220;1&#8243; _builder_version=&#8220;4.16&#8243; _module_preset=&#8220;default&#8220; background_color=&#8220;rgba(0,0,0,0.16)&#8220; custom_padding=&#8220;2px||2px|||&#8220; global_colors_info=&#8220;{}&#8220;][et_pb_row column_structure=&#8220;1_3,1_3,1_3&#8243; _builder_version=&#8220;4.16&#8243; _module_preset=&#8220;default&#8220; global_colors_info=&#8220;{}&#8220;][et_pb_column type=&#8220;1_3&#8243; _builder_version=&#8220;4.16&#8243; _module_preset=&#8220;default&#8220; global_colors_info=&#8220;{}&#8220;][et_pb_text _builder_version=&#8220;4.19.1&#8243; _module_preset=&#8220;default&#8220; animation_style=&#8220;zoom&#8220; global_colors_info=&#8220;{}&#8220;]<\/p>\n<h3><a href=\"angebote-2\">AKTUELLE ANGEBOTE<\/a><\/h3>\n<p>W\u00f6chentlich wechselnd bieten wir Ihnen Qualit\u00e4t zu tollen Preisen!<\/p>\n<p>[\/et_pb_text][\/et_pb_column][et_pb_column type=&#8220;1_3&#8243; _builder_version=&#8220;4.16&#8243; _module_preset=&#8220;default&#8220; global_colors_info=&#8220;{}&#8220;][et_pb_text _builder_version=&#8220;4.16&#8243; _module_preset=&#8220;default&#8220; animation_style=&#8220;zoom&#8220; global_colors_info=&#8220;{}&#8220;]<\/p>\n<h3><a href=\"fleischgerichte\">PARTYSERVICE<\/a><\/h3>\n<p>F\u00fcr jeden Geschmack das Passende: Finden Sie in unserer gro\u00dfen Auswahl das Passende f\u00fcr Ihre Festlichkeiten!<\/p>\n<p>[\/et_pb_text][\/et_pb_column][et_pb_column type=&#8220;1_3&#8243; _builder_version=&#8220;4.16&#8243; _module_preset=&#8220;default&#8220; global_colors_info=&#8220;{}&#8220;][et_pb_text _builder_version=&#8220;4.16&#8243; _module_preset=&#8220;default&#8220; animation_style=&#8220;zoom&#8220; global_colors_info=&#8220;{}&#8220;]<\/p>\n<h3><a href=\"metzgerei\">REGIONALIT\u00c4T<\/a><\/h3>\n<p>Erfahren Sie mehr \u00fcber unsere Metzgerei, unsere Lieferanten und unsere Qualit\u00e4tsanspr\u00fcche!<\/p>\n<p>[\/et_pb_text][\/et_pb_column][\/et_pb_row][\/et_pb_section][et_pb_section fb_built=&#8220;1&#8243; _builder_version=&#8220;4.19.5&#8243; _module_preset=&#8220;default&#8220; background_color=&#8220;#ff3333&#8243; global_module=&#8220;100&#8243; saved_tabs=&#8220;all&#8220; global_colors_info=&#8220;{}&#8220;][et_pb_row column_structure=&#8220;1_3,1_3,1_3&#8243; module_class=&#8220;fuss&#8220; _builder_version=&#8220;4.19.5&#8243; _module_preset=&#8220;default&#8220; global_colors_info=&#8220;{}&#8220;][et_pb_column type=&#8220;1_3&#8243; _builder_version=&#8220;4.16&#8243; _module_preset=&#8220;default&#8220; global_colors_info=&#8220;{}&#8220;][et_pb_text _builder_version=&#8220;4.16&#8243; _module_preset=&#8220;default&#8220; global_colors_info=&#8220;{}&#8220;]<\/p>\n<h3>KONTAKT<\/h3>\n<p>Landschl\u00e4chterei Angele<br \/>Steige 1<br \/>88487 Walpertshofen<\/p>\n<p>Tel. 07 353 98 04-0<br \/>Fax 07 353 98 04-24<br \/>Email: <a href=\"mailto:info@metzgerei-angele.de\">info@metzgerei-angele.de<\/a><\/p>\n<p>[\/et_pb_text][\/et_pb_column][et_pb_column type=&#8220;1_3&#8243; _builder_version=&#8220;4.16&#8243; _module_preset=&#8220;default&#8220; global_colors_info=&#8220;{}&#8220;][et_pb_text _builder_version=&#8220;4.24.0&#8243; _module_preset=&#8220;default&#8220; global_colors_info=&#8220;{}&#8220;]<\/p>\n<h3>\u00d6FFNUNGSZEITEN<\/h3>\n<p><strong>Dienstag, Donnerstag u. Freitag<\/strong><br \/>8.00\u201312.30 Uhr und<br \/>14.00\u201318.00 Uhr<br \/><strong><\/strong><\/p>\n<p><strong>Montag und Mittwoch\u00a0\u00a0\u00a0\u00a0\u00a0\u00a0\u00a0\u00a0\u00a0\u00a0\u00a0\u00a0\u00a0\u00a0\u00a0\u00a0\u00a0\u00a0\u00a0\u00a0\u00a0\u00a0\u00a0\u00a0\u00a0\u00a0\u00a0\u00a0\u00a0\u00a0\u00a0\u00a0\u00a0\u00a0\u00a0\u00a0\u00a0\u00a0\u00a0\u00a0\u00a0\u00a0\u00a0\u00a0\u00a0\u00a0 <\/strong>8.00 &#8211; 12.30 Uhr<br \/>nachmittags geschlossen<br \/><strong><\/strong><\/p>\n<p><strong>Samstag<\/strong><br \/>7.00\u201312.00 Uhr<\/p>\n<p>[\/et_pb_text][\/et_pb_column][et_pb_column type=&#8220;1_3&#8243; _builder_version=&#8220;4.16&#8243; _module_preset=&#8220;default&#8220; global_colors_info=&#8220;{}&#8220;][et_pb_text _builder_version=&#8220;4.16&#8243; _module_preset=&#8220;default&#8220; global_colors_info=&#8220;{}&#8220;]<\/p>\n<h3>RECHTLICHES<\/h3>\n<p><a href=\"impressum\">Impressum<\/a><br \/><a href=\"datenschutz\">Datenschutz<\/a><\/p>\n<p>\u00a9 2023 Landschl\u00e4chterei Angele<br \/>Design und Umsetzung by <a href=\"https:\/\/www.c-design-web.de\" target=\"_blank\" rel=\"noopener\">c:design<\/a><\/p>\n<p>[\/et_pb_text][\/et_pb_column][\/et_pb_row][et_pb_row _builder_version=&#8220;4.24.0&#8243; _module_preset=&#8220;default&#8220; global_colors_info=&#8220;{}&#8220;][et_pb_column type=&#8220;4_4&#8243; _builder_version=&#8220;4.24.0&#8243; _module_preset=&#8220;default&#8220; global_colors_info=&#8220;{}&#8220;][\/et_pb_column][\/et_pb_row][\/et_pb_section]<\/p>\n","protected":false},"excerpt":{"rendered":"<p>Herzlich willkommen bei der Landschl\u00e4chterei AngeleLandschl\u00e4chterei Rudolf Angele&#8230; &#8230;Qualit\u00e4t, Frische, Regionalit\u00e4t: Unser t\u00e4gliches Motto, das man schmeckt. Qualit\u00e4t, Frische, Regionalit\u00e4t sind bei uns nicht nur Schlagworte, sondern unser t\u00e4gliches Motto.Deshalb kommt unser Schlachtvieh auch direkt von Landwirten aus der Region. Mit 46 Mitarbeitern und einem Auszubildenden sind wir gut aufgestellt und verbinden bei unserer t\u00e4glichen [&hellip;]<\/p>\n","protected":false},"author":1,"featured_media":0,"parent":0,"menu_order":0,"comment_status":"closed","ping_status":"closed","template":"","meta":{"_et_pb_use_builder":"on","_et_pb_old_content":"","_et_gb_content_width":"","footnotes":""},"class_list":["post-7","page","type-page","status-publish","hentry"],"_links":{"self":[{"href":"https:\/\/www.landschlaechterei-angele.de\/wp\/wp-json\/wp\/v2\/pages\/7","targetHints":{"allow":["GET"]}}],"collection":[{"href":"https:\/\/www.landschlaechterei-angele.de\/wp\/wp-json\/wp\/v2\/pages"}],"about":[{"href":"https:\/\/www.landschlaechterei-angele.de\/wp\/wp-json\/wp\/v2\/types\/page"}],"author":[{"embeddable":true,"href":"https:\/\/www.landschlaechterei-angele.de\/wp\/wp-json\/wp\/v2\/users\/1"}],"replies":[{"embeddable":true,"href":"https:\/\/www.landschlaechterei-angele.de\/wp\/wp-json\/wp\/v2\/comments?post=7"}],"version-history":[{"count":164,"href":"https:\/\/www.landschlaechterei-angele.de\/wp\/wp-json\/wp\/v2\/pages\/7\/revisions"}],"predecessor-version":[{"id":1395,"href":"https:\/\/www.landschlaechterei-angele.de\/wp\/wp-json\/wp\/v2\/pages\/7\/revisions\/1395"}],"wp:attachment":[{"href":"https:\/\/www.landschlaechterei-angele.de\/wp\/wp-json\/wp\/v2\/media?parent=7"}],"curies":[{"name":"wp","href":"https:\/\/api.w.org\/{rel}","templated":true}]}}